{"id":2,"date":"2024-04-18T14:52:31","date_gmt":"2024-04-18T14:52:31","guid":{"rendered":"https:\/\/ccnso-longomel.pt\/?page_id=2"},"modified":"2025-08-20T09:01:59","modified_gmt":"2025-08-20T09:01:59","slug":"sample-page","status":"publish","type":"page","link":"https:\/\/ccnso-longomel.pt\/","title":{"rendered":"Home"},"content":{"rendered":"<section class=\"l-section wpb_row height_medium\"><div class=\"l-section-h i-cf\"><div class=\"g-cols vc_row via_flex valign_top type_default stacking_default\"><div class=\"vc_col-sm-12 wpb_column vc_column_container\"><div class=\"vc_column-inner\"><div class=\"wpb_wrapper\"><div class=\"w-post-elm post_image stretched\"><img loading=\"lazy\" decoding=\"async\" width=\"1024\" height=\"516\" src=\"https:\/\/ccnso-longomel.pt\/wp-content\/uploads\/2024\/04\/logotipo-novo-1024x516.jpg\" class=\"attachment-large size-large wp-post-image\" alt=\"\" srcset=\"https:\/\/ccnso-longomel.pt\/wp-content\/uploads\/2024\/04\/logotipo-novo-1024x516.jpg 1024w, https:\/\/ccnso-longomel.pt\/wp-content\/uploads\/2024\/04\/logotipo-novo-300x151.jpg 300w\" sizes=\"auto, (max-width: 1024px) 100vw, 1024px\" \/><\/div><div class=\"wpb_text_column\"><div class=\"wpb_wrapper\"><p style=\"text-align: center;\">Brevemente dispon\u00edvel.<\/p>\n<\/div><\/div><div class=\"w-separator size_medium\"><\/div><div class=\"wpb_text_column\"><div class=\"wpb_wrapper\"><p style=\"text-align: center;\"><a href=\"https:\/\/ccnso-longomel.pt\/wp-content\/uploads\/2025\/08\/DR-e-Balanco-2024.pdf\">DR e Balan\u00e7o 2024<\/a><br \/><a href=\"https:\/\/ccnso-longomel.pt\/wp-content\/uploads\/2024\/05\/Balanco-2023.pdf\">Balan\u00e7o 2023<\/a><br \/><a href=\"https:\/\/ccnso-longomel.pt\/wp-content\/uploads\/2024\/05\/DR-2023.pdf\">DR 2023<\/a><br \/><a href=\"https:\/\/ccnso-longomel.pt\/wp-content\/uploads\/2024\/04\/DR-Ano-2022.pdf\">DR Ano 2022<\/a><br \/><a href=\"https:\/\/ccnso-longomel.pt\/wp-content\/uploads\/2024\/04\/Balanco-Ano-2022.pdf\">Balan\u00e7o Ano 2022<\/a><br \/><a href=\"https:\/\/ccnso-longomel.pt\/wp-content\/uploads\/2024\/04\/DR-Ano-2021.pdf\">DR Ano 2021<\/a><br \/><a href=\"https:\/\/ccnso-longomel.pt\/wp-content\/uploads\/2024\/04\/Balanco-Ano-2021.pdf\">Balan\u00e7o Ano 2021<\/a><br \/><a href=\"https:\/\/ccnso-longomel.pt\/wp-content\/uploads\/2024\/04\/Balanco-Ano-2020.pdf\">Balan\u00e7o Ano 2020<\/a><br \/><a href=\"https:\/\/ccnso-longomel.pt\/wp-content\/uploads\/2024\/04\/DR-Ano-2020.pdf\">DR Ano 2020<\/a><br \/><a href=\"https:\/\/ccnso-longomel.pt\/wp-content\/uploads\/2024\/08\/DR-2019.pdf\">DR 2019<\/a><br \/><a href=\"https:\/\/ccnso-longomel.pt\/wp-content\/uploads\/2024\/08\/Balanco-2019.pdf\">Balan\u00e7o 2019<\/a><\/p>\n<p>&nbsp;<\/p>\n<\/div><\/div><\/div><\/div><\/div><\/div><\/div><\/section>","protected":false},"excerpt":{"rendered":"Brevemente dispon\u00edvel. DR e Balan\u00e7o 2024Balan\u00e7o 2023DR 2023DR Ano 2022Balan\u00e7o Ano 2022DR Ano 2021Balan\u00e7o Ano 2021Balan\u00e7o Ano 2020DR Ano 2020DR 2019Balan\u00e7o 2019 &nbsp;","protected":false},"author":1,"featured_media":6,"parent":0,"menu_order":0,"comment_status":"closed","ping_status":"closed","template":"","meta":{"footnotes":""},"class_list":["post-2","page","type-page","status-publish","has-post-thumbnail","hentry"],"_links":{"self":[{"href":"https:\/\/ccnso-longomel.pt\/index.php\/wp-json\/wp\/v2\/pages\/2","targetHints":{"allow":["GET"]}}],"collection":[{"href":"https:\/\/ccnso-longomel.pt\/index.php\/wp-json\/wp\/v2\/pages"}],"about":[{"href":"https:\/\/ccnso-longomel.pt\/index.php\/wp-json\/wp\/v2\/types\/page"}],"author":[{"embeddable":true,"href":"https:\/\/ccnso-longomel.pt\/index.php\/wp-json\/wp\/v2\/users\/1"}],"replies":[{"embeddable":true,"href":"https:\/\/ccnso-longomel.pt\/index.php\/wp-json\/wp\/v2\/comments?post=2"}],"version-history":[{"count":8,"href":"https:\/\/ccnso-longomel.pt\/index.php\/wp-json\/wp\/v2\/pages\/2\/revisions"}],"predecessor-version":[{"id":32,"href":"https:\/\/ccnso-longomel.pt\/index.php\/wp-json\/wp\/v2\/pages\/2\/revisions\/32"}],"wp:featuredmedia":[{"embeddable":true,"href":"https:\/\/ccnso-longomel.pt\/index.php\/wp-json\/wp\/v2\/media\/6"}],"wp:attachment":[{"href":"https:\/\/ccnso-longomel.pt\/index.php\/wp-json\/wp\/v2\/media?parent=2"}],"curies":[{"name":"wp","href":"https:\/\/api.w.org\/{rel}","templated":true}]}}